{"id":296,"date":"2024-11-20T10:19:21","date_gmt":"2024-11-20T10:19:21","guid":{"rendered":"https:\/\/www.voluntariadosocialrioja.org\/concurso-fotografia\/?page_id=296"},"modified":"2024-11-20T10:19:25","modified_gmt":"2024-11-20T10:19:25","slug":"obras-candidatas-2022","status":"publish","type":"page","link":"https:\/\/www.voluntariadosocialrioja.org\/concurso-fotografia\/obras-candidatas-2022\/","title":{"rendered":"Obras candidatas &#8211; 2022"},"content":{"rendered":"<p>[et_pb_section fb_built=\u00bb1&#8243; fullwidth=\u00bbon\u00bb disabled_on=\u00bboff|off|off\u00bb admin_label=\u00bbHero\u00bb _builder_version=\u00bb4.17.4&#8243; _module_preset=\u00bbdefault\u00bb background_color=\u00bb#1f1f1f\u00bb parallax=\u00bbon\u00bb custom_padding=\u00bb|||\u00bb transparent_background=\u00bbon\u00bb global_colors_info=\u00bb{}\u00bb theme_builder_area=\u00bbpost_content\u00bb][et_pb_fullwidth_header title=\u00bbOBRAS CANDIDATAS DE LA PRIMERA EDICI\u00d3N\u00bb text_orientation=\u00bbcenter\u00bb header_fullscreen=\u00bbon\u00bb header_scroll_down=\u00bbon\u00bb scroll_down_icon=\u00bb%%0%%\u00bb scroll_down_icon_color=\u00bb#ffffff\u00bb scroll_down_icon_size=\u00bb32px\u00bb button_one_url=\u00bbhttps:\/\/www.voluntariadosocialrioja.org\/solidaridadconpremio\/#ganadores\u00bb button_two_url=\u00bbhttps:\/\/www.voluntariadosocialrioja.org\/solidaridadconpremio\/#participantes\u00bb background_overlay_color=\u00bbrgba(31,31,31,0.53)\u00bb subhead_font_color=\u00bb#bebebe\u00bb _builder_version=\u00bb4.17.4&#8243; _module_preset=\u00bbdefault\u00bb title_font=\u00bbAkzidenz-Grotesk BQ Condensed||||||||\u00bb title_text_align=\u00bbcenter\u00bb title_text_color=\u00bb#ffffff\u00bb title_font_size=\u00bb60px\u00bb title_line_height=\u00bb1.1em\u00bb content_font=\u00bbRoboto||||||||\u00bb content_text_align=\u00bbcenter\u00bb content_text_color=\u00bb#FFFFFF\u00bb content_font_size=\u00bb16px\u00bb content_line_height=\u00bb1.2em\u00bb subhead_font=\u00bbRoboto|700|||||||\u00bb subhead_text_align=\u00bbcenter\u00bb subhead_text_color=\u00bb#21b4b6&#8243; subhead_font_size=\u00bb26px\u00bb subhead_line_height=\u00bb1.2em\u00bb background_enable_color=\u00bboff\u00bb background_image=\u00bbhttps:\/\/www.voluntariadosocialrioja.org\/concurso-fotografia\/wp-content\/uploads\/2022\/05\/cabecera-concurso-fotografia-2022.jpg\u00bb parallax=\u00bbon\u00bb parallax_method=\u00bbon\u00bb custom_button_one=\u00bbon\u00bb button_one_text_size=\u00bb15px\u00bb button_one_text_color=\u00bb#ffffff\u00bb button_one_border_color=\u00bb#ffffff\u00bb button_one_border_radius=\u00bb0px\u00bb button_one_letter_spacing=\u00bb1px\u00bb button_one_font=\u00bbMontserrat|||on|\u00bb button_one_use_icon=\u00bboff\u00bb custom_button_two=\u00bbon\u00bb button_two_text_size=\u00bb15px\u00bb button_two_text_color=\u00bb#ffffff\u00bb button_two_bg_color=\u00bb#f4b600&#8243; button_two_border_color=\u00bb#ffffff\u00bb button_two_border_radius=\u00bb0px\u00bb button_two_letter_spacing=\u00bb1px\u00bb button_two_font=\u00bbMontserrat|||on|\u00bb button_two_use_icon=\u00bboff\u00bb animation_style=\u00bbzoom\u00bb animation_duration=\u00bb1500ms\u00bb animation_intensity_zoom=\u00bb4%\u00bb hover_enabled=\u00bb0&#8243; title_font_size_tablet=\u00bb50px\u00bb title_font_size_phone=\u00bb30px\u00bb title_font_size_last_edited=\u00bbon|phone\u00bb title_line_height_tablet=\u00bb\u00bb title_line_height_phone=\u00bb1em\u00bb title_line_height_last_edited=\u00bbon|phone\u00bb subhead_font_size_tablet=\u00bb\u00bb subhead_font_size_phone=\u00bb20px\u00bb subhead_font_size_last_edited=\u00bbon|phone\u00bb subhead_line_height_tablet=\u00bb1.1em\u00bb subhead_line_height_phone=\u00bb1em\u00bb subhead_line_height_last_edited=\u00bbon|tablet\u00bb button_one_text_size_tablet=\u00bb\u00bb button_one_text_size_phone=\u00bb13px\u00bb button_one_text_size_last_edited=\u00bbon|phone\u00bb button_two_text_size_tablet=\u00bb\u00bb button_two_text_size_phone=\u00bb13px\u00bb button_two_text_size_last_edited=\u00bbon|phone\u00bb content_text_shadow_style=\u00bbpreset1&#8243; box_shadow_style=\u00bbpreset1&#8243; button_one_border_radius_hover=\u00bb0px\u00bb button_one_letter_spacing_hover=\u00bb1px\u00bb button_two_letter_spacing_hover=\u00bb1px\u00bb global_colors_info=\u00bb{}\u00bb button_one_text_size__hover_enabled=\u00bboff\u00bb button_two_text_size__hover_enabled=\u00bboff\u00bb button_one_text_color__hover_enabled=\u00bboff\u00bb button_two_text_color__hover_enabled=\u00bboff\u00bb button_one_border_width__hover_enabled=\u00bboff\u00bb button_two_border_width__hover_enabled=\u00bboff\u00bb button_one_border_color__hover_enabled=\u00bboff\u00bb button_two_border_color__hover_enabled=\u00bboff\u00bb button_one_border_radius__hover_enabled=\u00bbon\u00bb button_one_border_radius__hover=\u00bb0px\u00bb button_two_border_radius__hover_enabled=\u00bboff\u00bb button_one_letter_spacing__hover_enabled=\u00bbon\u00bb button_one_letter_spacing__hover=\u00bb1px\u00bb button_two_letter_spacing__hover_enabled=\u00bbon\u00bb button_two_letter_spacing__hover=\u00bb1px\u00bb button_one_bg_color__hover_enabled=\u00bboff\u00bb button_two_bg_color__hover_enabled=\u00bboff\u00bb theme_builder_area=\u00bbpost_content\u00bb sticky_enabled=\u00bb0&#8243;][\/et_pb_fullwidth_header][\/et_pb_section][et_pb_section fb_built=\u00bb1&#8243; custom_padding_last_edited=\u00bbon|phone\u00bb disabled_on=\u00bboff|off|off\u00bb admin_label=\u00bbFresh Ingredients\u00bb _builder_version=\u00bb4.17.4&#8243; _module_preset=\u00bbdefault\u00bb background_color=\u00bb#FFFFFF\u00bb custom_padding=\u00bb100px|0px|100px|0px\u00bb custom_padding_tablet=\u00bb\u00bb custom_padding_phone=\u00bb30px|0px|30px|0px\u00bb global_colors_info=\u00bb{}\u00bb theme_builder_area=\u00bbpost_content\u00bb][et_pb_row _builder_version=\u00bb4.16&#8243; _module_preset=\u00bbdefault\u00bb background_size=\u00bbinitial\u00bb background_position=\u00bbtop_left\u00bb background_repeat=\u00bbrepeat\u00bb custom_padding=\u00bb27px|0px|27px|0px\u00bb custom_width_px=\u00bb1774px\u00bb global_colors_info=\u00bb{}\u00bb theme_builder_area=\u00bbpost_content\u00bb][et_pb_column type=\u00bb4_4&#8243; _builder_version=\u00bb4.16&#8243; _module_preset=\u00bbdefault\u00bb custom_padding=\u00bb|||\u00bb global_colors_info=\u00bb{}\u00bb custom_padding__hover=\u00bb|||\u00bb theme_builder_area=\u00bbpost_content\u00bb][et_pb_text disabled_on=\u00bboff|off|off\u00bb admin_label=\u00bbObras candidatas\u00bb module_id=\u00bbcandidatas\u00bb _builder_version=\u00bb4.17.4&#8243; _module_preset=\u00bbdefault\u00bb text_font=\u00bbDCC-Ash||||||||\u00bb text_text_color=\u00bb#000000&#8243; header_2_font=\u00bb|||on|||||\u00bb header_2_text_align=\u00bbcenter\u00bb header_2_text_color=\u00bb#1c8789&#8243; header_2_font_size=\u00bb48px\u00bb header_2_line_height=\u00bb1.2em\u00bb background_size=\u00bbinitial\u00bb background_position=\u00bbtop_left\u00bb background_repeat=\u00bbrepeat\u00bb text_orientation=\u00bbcenter\u00bb header_2_font_size_tablet=\u00bb30px\u00bb header_2_font_size_phone=\u00bb22px\u00bb header_2_font_size_last_edited=\u00bbon|phone\u00bb header_2_line_height_tablet=\u00bb\u00bb header_2_line_height_phone=\u00bb1.1em\u00bb header_2_line_height_last_edited=\u00bbon|phone\u00bb global_colors_info=\u00bb{}\u00bb theme_builder_area=\u00bbpost_content\u00bb]<\/p>\n<h2>OBRAS CANDIDATAS<\/h2>\n<p>[\/et_pb_text][et_pb_gallery gallery_ids=\u00bb156,157,158,159,160,161,162,163,164,165,166,167,168,169,170,171,172,173,174,175,176,177,178,179,180,181,182,183&#8243; posts_number=\u00bb28&#8243; show_pagination=\u00bboff\u00bb _builder_version=\u00bb4.17.4&#8243; _module_preset=\u00bbdefault\u00bb global_colors_info=\u00bb{}\u00bb theme_builder_area=\u00bbpost_content\u00bb][\/et_pb_gallery][\/et_pb_column][\/et_pb_row][\/et_pb_section][et_pb_section fb_built=\u00bb1&#8243; _builder_version=\u00bb4.17.4&#8243; _module_preset=\u00bbdefault\u00bb background_color=\u00bb#c8e5e2&#8243; global_colors_info=\u00bb{}\u00bb theme_builder_area=\u00bbpost_content\u00bb][et_pb_row column_structure=\u00bb1_4,1_2,1_4&#8243; _builder_version=\u00bb4.16&#8243; _module_preset=\u00bbdefault\u00bb background_size=\u00bbinitial\u00bb background_position=\u00bbtop_left\u00bb background_repeat=\u00bbrepeat\u00bb global_colors_info=\u00bb{}\u00bb theme_builder_area=\u00bbpost_content\u00bb][et_pb_column type=\u00bb1_4&#8243; _builder_version=\u00bb4.16&#8243; _module_preset=\u00bbdefault\u00bb custom_padding=\u00bb|||\u00bb global_colors_info=\u00bb{}\u00bb custom_padding__hover=\u00bb|||\u00bb theme_builder_area=\u00bbpost_content\u00bb][\/et_pb_column][et_pb_column type=\u00bb1_2&#8243; _builder_version=\u00bb4.16&#8243; _module_preset=\u00bbdefault\u00bb custom_padding=\u00bb|||\u00bb global_colors_info=\u00bb{}\u00bb custom_padding__hover=\u00bb|||\u00bb theme_builder_area=\u00bbpost_content\u00bb][et_pb_text disabled_on=\u00bboff|off|off\u00bb admin_label=\u00bbLA NOTICIA\u00bb module_id=\u00bbnoticias\u00bb _builder_version=\u00bb4.17.4&#8243; _module_preset=\u00bbdefault\u00bb text_font=\u00bbDCC-Ash||||||||\u00bb text_text_color=\u00bb#000000&#8243; header_2_font=\u00bbAkzidenz-Grotesk BQ Condensed|||on|||||\u00bb header_2_text_align=\u00bbcenter\u00bb header_2_text_color=\u00bb#1c8789&#8243; header_2_font_size=\u00bb48px\u00bb header_2_line_height=\u00bb1.2em\u00bb background_size=\u00bbinitial\u00bb background_position=\u00bbtop_left\u00bb background_repeat=\u00bbrepeat\u00bb text_orientation=\u00bbcenter\u00bb header_2_font_size_tablet=\u00bb30px\u00bb header_2_font_size_phone=\u00bb22px\u00bb header_2_font_size_last_edited=\u00bbon|phone\u00bb header_2_line_height_tablet=\u00bb\u00bb header_2_line_height_phone=\u00bb1.1em\u00bb header_2_line_height_last_edited=\u00bbon|phone\u00bb global_colors_info=\u00bb{}\u00bb theme_builder_area=\u00bbpost_content\u00bb]<\/p>\n<h2>LA NOTICIA<\/h2>\n<p>[\/et_pb_text][et_pb_image src=\u00bbhttps:\/\/www.voluntariadosocialrioja.org\/concurso-fotografia\/wp-content\/uploads\/2023\/01\/Muestra-concurso-fotografia-2.jpg\u00bb title_text=\u00bbExposici\u00f3n\u00bb _builder_version=\u00bb4.17.4&#8243; _module_preset=\u00bbdefault\u00bb global_colors_info=\u00bb{}\u00bb theme_builder_area=\u00bbpost_content\u00bb][\/et_pb_image][et_pb_text _builder_version=\u00bb4.17.4&#8243; _module_preset=\u00bbdefault\u00bb header_2_text_color=\u00bb#000000&#8243; global_colors_info=\u00bb{}\u00bb theme_builder_area=\u00bbpost_content\u00bb]<\/p>\n<h2 class=\"entry-title\" style=\"text-align: center;\"><a href=\"https:\/\/www.voluntariadosocialrioja.org\/concurso-fotografia\/2022\/12\/02\/la-frvs-inaugura-la-exposicion-del-i-concurso-de-fotografia-y-tu-como-ves-el-voluntariado\/\">LA FRVS INAUGURA LA EXPOSICI\u00d3N DEL I CONCURSO DE FOTOGRAF\u00cdA \u201cY T\u00da, \u00bfC\u00d3MO VES EL VOLUNTARIADO?\u201d<\/a><\/h2>\n<h6 style=\"text-align: center;\">\u00a02 diciembre 2022<\/h6>\n<p style=\"text-align: center;\">En el acto tambi\u00e9n se han entregado los premios a los tres primeros clasificados. La obra \u201cEducaci\u00f3n sin barreras\u201d, de Javier P\u00e9rez S\u00e1enz de Jubera, ha obtenido el m\u00e1ximo galard\u00f3n. La muestra del certamen, subvencionado por el Ayuntamiento de Logro\u00f1o, se puede visitar en el Centro Comercial Berceo hasta el 8 de enero de 2023.<\/p>\n<p style=\"text-align: center;\"><a href=\"https:\/\/www.voluntariadosocialrioja.org\/concurso-fotografia\/2022\/12\/02\/la-frvs-inaugura-la-exposicion-del-i-concurso-de-fotografia-y-tu-como-ves-el-voluntariado\/\">Leer m\u00e1s<\/a><\/p>\n<p>[\/et_pb_text][et_pb_button button_url=\u00bbhttps:\/\/www.voluntariadosocialrioja.org\/concurso-fotografia\/noticias\/\u00bb button_text=\u00bbM\u00e1s noticias\u00bb button_alignment=\u00bbcenter\u00bb _builder_version=\u00bb4.17.4&#8243; _module_preset=\u00bbdefault\u00bb global_colors_info=\u00bb{}\u00bb theme_builder_area=\u00bbpost_content\u00bb][\/et_pb_button][\/et_pb_column][et_pb_column type=\u00bb1_4&#8243; _builder_version=\u00bb4.16&#8243; _module_preset=\u00bbdefault\u00bb custom_padding=\u00bb|||\u00bb global_colors_info=\u00bb{}\u00bb custom_padding__hover=\u00bb|||\u00bb theme_builder_area=\u00bbpost_content\u00bb][\/et_pb_column][\/et_pb_row][\/et_pb_section][et_pb_section fb_built=\u00bb1&#8243; _builder_version=\u00bb4.17.4&#8243; _module_preset=\u00bbdefault\u00bb background_color=\u00bb#d7ebea\u00bb custom_padding=\u00bb0|0px|0|0px|false|false\u00bb global_colors_info=\u00bb{}\u00bb theme_builder_area=\u00bbpost_content\u00bb][et_pb_row _builder_version=\u00bb4.16&#8243; _module_preset=\u00bbdefault\u00bb background_size=\u00bbinitial\u00bb background_position=\u00bbtop_left\u00bb background_repeat=\u00bbrepeat\u00bb global_colors_info=\u00bb{}\u00bb theme_builder_area=\u00bbpost_content\u00bb][et_pb_column type=\u00bb4_4&#8243; _builder_version=\u00bb4.16&#8243; _module_preset=\u00bbdefault\u00bb custom_padding=\u00bb|||\u00bb global_colors_info=\u00bb{}\u00bb custom_padding__hover=\u00bb|||\u00bb theme_builder_area=\u00bbpost_content\u00bb][et_pb_image src=\u00bbhttps:\/\/www.voluntariadosocialrioja.org\/concurso-fotografia\/wp-content\/uploads\/2024\/04\/financia-y-colabora-concurso-fotografia-2024.jpg\u00bb title_text=\u00bbfinancia-y-colabora-concurso-fotografia-2024&#8243; align=\u00bbcenter\u00bb align_tablet=\u00bbcenter\u00bb align_phone=\u00bb\u00bb align_last_edited=\u00bbon|desktop\u00bb _builder_version=\u00bb4.17.4&#8243; _module_preset=\u00bbdefault\u00bb background_color=\u00bb#c8e5e2&#8243; global_colors_info=\u00bb{}\u00bb theme_builder_area=\u00bbpost_content\u00bb]&nbsp;<br \/>\n[\/et_pb_image][\/et_pb_column][\/et_pb_row][\/et_pb_section]<\/p>\n","protected":false},"excerpt":{"rendered":"<p>OBRAS CANDIDATASLA NOTICIALA FRVS INAUGURA LA EXPOSICI\u00d3N DEL I CONCURSO DE FOTOGRAF\u00cdA \u201cY T\u00da, \u00bfC\u00d3MO VES EL VOLUNTARIADO?\u201d \u00a02 diciembre 2022 En el acto tambi\u00e9n se han entregado los premios a los tres primeros clasificados. La obra \u201cEducaci\u00f3n sin barreras\u201d, de Javier P\u00e9rez S\u00e1enz de Jubera, ha obtenido el m\u00e1ximo galard\u00f3n. La muestra del certamen, [&hellip;]<\/p>\n","protected":false},"author":1,"featured_media":0,"parent":0,"menu_order":0,"comment_status":"closed","ping_status":"closed","template":"","meta":{"_et_pb_use_builder":"on","_et_pb_old_content":"","_et_gb_content_width":"","footnotes":""},"class_list":["post-296","page","type-page","status-publish","hentry"],"yoast_head":"<!-- This site is optimized with the Yoast SEO plugin v27.3 - https:\/\/yoast.com\/product\/yoast-seo-wordpress\/ -->\n<title>Obras candidatas - 2022 - Y t\u00fa, \u00bfc\u00f3mo ves el voluntariado?<\/title>\n<meta name=\"robots\" content=\"index, follow, max-snippet:-1, max-image-preview:large, max-video-preview:-1\" \/>\n<link rel=\"canonical\" href=\"https:\/\/www.voluntariadosocialrioja.org\/concurso-fotografia\/obras-candidatas-2022\/\" \/>\n<meta property=\"og:locale\" content=\"es_ES\" \/>\n<meta property=\"og:type\" content=\"article\" \/>\n<meta property=\"og:title\" content=\"Obras candidatas - 2022 - Y t\u00fa, \u00bfc\u00f3mo ves el voluntariado?\" \/>\n<meta property=\"og:description\" content=\"OBRAS CANDIDATASLA NOTICIALA FRVS INAUGURA LA EXPOSICI\u00d3N DEL I CONCURSO DE FOTOGRAF\u00cdA \u201cY T\u00da, \u00bfC\u00d3MO VES EL VOLUNTARIADO?\u201d \u00a02 diciembre 2022 En el acto tambi\u00e9n se han entregado los premios a los tres primeros clasificados. La obra \u201cEducaci\u00f3n sin barreras\u201d, de Javier P\u00e9rez S\u00e1enz de Jubera, ha obtenido el m\u00e1ximo galard\u00f3n. La muestra del certamen, [&hellip;]\" \/>\n<meta property=\"og:url\" content=\"https:\/\/www.voluntariadosocialrioja.org\/concurso-fotografia\/obras-candidatas-2022\/\" \/>\n<meta property=\"og:site_name\" content=\"Y t\u00fa, \u00bfc\u00f3mo ves el voluntariado?\" \/>\n<meta property=\"article:publisher\" content=\"https:\/\/www.facebook.com\/frvsocial\" \/>\n<meta property=\"article:modified_time\" content=\"2024-11-20T10:19:25+00:00\" \/>\n<meta property=\"og:image\" content=\"https:\/\/www.voluntariadosocialrioja.org\/concurso-fotografia\/wp-content\/uploads\/2022\/06\/Cartel-del-concurso-de-fotografi\u0301a.jpg\" \/>\n\t<meta property=\"og:image:width\" content=\"1208\" \/>\n\t<meta property=\"og:image:height\" content=\"1701\" \/>\n\t<meta property=\"og:image:type\" content=\"image\/jpeg\" \/>\n<meta name=\"twitter:card\" content=\"summary_large_image\" \/>\n<meta name=\"twitter:site\" content=\"@FRVSocial\" \/>\n<meta name=\"twitter:label1\" content=\"Tiempo de lectura\" \/>\n\t<meta name=\"twitter:data1\" content=\"7 minutos\" \/>\n<script type=\"application\/ld+json\" class=\"yoast-schema-graph\">{\"@context\":\"https:\\\/\\\/schema.org\",\"@graph\":[{\"@type\":\"WebPage\",\"@id\":\"https:\\\/\\\/www.voluntariadosocialrioja.org\\\/concurso-fotografia\\\/obras-candidatas-2022\\\/\",\"url\":\"https:\\\/\\\/www.voluntariadosocialrioja.org\\\/concurso-fotografia\\\/obras-candidatas-2022\\\/\",\"name\":\"Obras candidatas - 2022 - Y t\u00fa, \u00bfc\u00f3mo ves el voluntariado?\",\"isPartOf\":{\"@id\":\"https:\\\/\\\/www.voluntariadosocialrioja.org\\\/concurso-fotografia\\\/#website\"},\"datePublished\":\"2024-11-20T10:19:21+00:00\",\"dateModified\":\"2024-11-20T10:19:25+00:00\",\"breadcrumb\":{\"@id\":\"https:\\\/\\\/www.voluntariadosocialrioja.org\\\/concurso-fotografia\\\/obras-candidatas-2022\\\/#breadcrumb\"},\"inLanguage\":\"es\",\"potentialAction\":[{\"@type\":\"ReadAction\",\"target\":[\"https:\\\/\\\/www.voluntariadosocialrioja.org\\\/concurso-fotografia\\\/obras-candidatas-2022\\\/\"]}]},{\"@type\":\"BreadcrumbList\",\"@id\":\"https:\\\/\\\/www.voluntariadosocialrioja.org\\\/concurso-fotografia\\\/obras-candidatas-2022\\\/#breadcrumb\",\"itemListElement\":[{\"@type\":\"ListItem\",\"position\":1,\"name\":\"Portada\",\"item\":\"https:\\\/\\\/www.voluntariadosocialrioja.org\\\/concurso-fotografia\\\/\"},{\"@type\":\"ListItem\",\"position\":2,\"name\":\"Obras candidatas &#8211; 2022\"}]},{\"@type\":\"WebSite\",\"@id\":\"https:\\\/\\\/www.voluntariadosocialrioja.org\\\/concurso-fotografia\\\/#website\",\"url\":\"https:\\\/\\\/www.voluntariadosocialrioja.org\\\/concurso-fotografia\\\/\",\"name\":\"Y t\u00fa, \u00bfc\u00f3mo ves el voluntariado?\",\"description\":\"Concurso de fotograf\u00eda de la FRVS\",\"potentialAction\":[{\"@type\":\"SearchAction\",\"target\":{\"@type\":\"EntryPoint\",\"urlTemplate\":\"https:\\\/\\\/www.voluntariadosocialrioja.org\\\/concurso-fotografia\\\/?s={search_term_string}\"},\"query-input\":{\"@type\":\"PropertyValueSpecification\",\"valueRequired\":true,\"valueName\":\"search_term_string\"}}],\"inLanguage\":\"es\"}]}<\/script>\n<!-- \/ Yoast SEO plugin. -->","yoast_head_json":{"title":"Obras candidatas - 2022 - Y t\u00fa, \u00bfc\u00f3mo ves el voluntariado?","robots":{"index":"index","follow":"follow","max-snippet":"max-snippet:-1","max-image-preview":"max-image-preview:large","max-video-preview":"max-video-preview:-1"},"canonical":"https:\/\/www.voluntariadosocialrioja.org\/concurso-fotografia\/obras-candidatas-2022\/","og_locale":"es_ES","og_type":"article","og_title":"Obras candidatas - 2022 - Y t\u00fa, \u00bfc\u00f3mo ves el voluntariado?","og_description":"OBRAS CANDIDATASLA NOTICIALA FRVS INAUGURA LA EXPOSICI\u00d3N DEL I CONCURSO DE FOTOGRAF\u00cdA \u201cY T\u00da, \u00bfC\u00d3MO VES EL VOLUNTARIADO?\u201d \u00a02 diciembre 2022 En el acto tambi\u00e9n se han entregado los premios a los tres primeros clasificados. La obra \u201cEducaci\u00f3n sin barreras\u201d, de Javier P\u00e9rez S\u00e1enz de Jubera, ha obtenido el m\u00e1ximo galard\u00f3n. La muestra del certamen, [&hellip;]","og_url":"https:\/\/www.voluntariadosocialrioja.org\/concurso-fotografia\/obras-candidatas-2022\/","og_site_name":"Y t\u00fa, \u00bfc\u00f3mo ves el voluntariado?","article_publisher":"https:\/\/www.facebook.com\/frvsocial","article_modified_time":"2024-11-20T10:19:25+00:00","og_image":[{"width":1208,"height":1701,"url":"https:\/\/www.voluntariadosocialrioja.org\/concurso-fotografia\/wp-content\/uploads\/2022\/06\/Cartel-del-concurso-de-fotografi\u0301a.jpg","type":"image\/jpeg"}],"twitter_card":"summary_large_image","twitter_site":"@FRVSocial","twitter_misc":{"Tiempo de lectura":"7 minutos"},"schema":{"@context":"https:\/\/schema.org","@graph":[{"@type":"WebPage","@id":"https:\/\/www.voluntariadosocialrioja.org\/concurso-fotografia\/obras-candidatas-2022\/","url":"https:\/\/www.voluntariadosocialrioja.org\/concurso-fotografia\/obras-candidatas-2022\/","name":"Obras candidatas - 2022 - Y t\u00fa, \u00bfc\u00f3mo ves el voluntariado?","isPartOf":{"@id":"https:\/\/www.voluntariadosocialrioja.org\/concurso-fotografia\/#website"},"datePublished":"2024-11-20T10:19:21+00:00","dateModified":"2024-11-20T10:19:25+00:00","breadcrumb":{"@id":"https:\/\/www.voluntariadosocialrioja.org\/concurso-fotografia\/obras-candidatas-2022\/#breadcrumb"},"inLanguage":"es","potentialAction":[{"@type":"ReadAction","target":["https:\/\/www.voluntariadosocialrioja.org\/concurso-fotografia\/obras-candidatas-2022\/"]}]},{"@type":"BreadcrumbList","@id":"https:\/\/www.voluntariadosocialrioja.org\/concurso-fotografia\/obras-candidatas-2022\/#breadcrumb","itemListElement":[{"@type":"ListItem","position":1,"name":"Portada","item":"https:\/\/www.voluntariadosocialrioja.org\/concurso-fotografia\/"},{"@type":"ListItem","position":2,"name":"Obras candidatas &#8211; 2022"}]},{"@type":"WebSite","@id":"https:\/\/www.voluntariadosocialrioja.org\/concurso-fotografia\/#website","url":"https:\/\/www.voluntariadosocialrioja.org\/concurso-fotografia\/","name":"Y t\u00fa, \u00bfc\u00f3mo ves el voluntariado?","description":"Concurso de fotograf\u00eda de la FRVS","potentialAction":[{"@type":"SearchAction","target":{"@type":"EntryPoint","urlTemplate":"https:\/\/www.voluntariadosocialrioja.org\/concurso-fotografia\/?s={search_term_string}"},"query-input":{"@type":"PropertyValueSpecification","valueRequired":true,"valueName":"search_term_string"}}],"inLanguage":"es"}]}},"_links":{"self":[{"href":"https:\/\/www.voluntariadosocialrioja.org\/concurso-fotografia\/wp-json\/wp\/v2\/pages\/296","targetHints":{"allow":["GET"]}}],"collection":[{"href":"https:\/\/www.voluntariadosocialrioja.org\/concurso-fotografia\/wp-json\/wp\/v2\/pages"}],"about":[{"href":"https:\/\/www.voluntariadosocialrioja.org\/concurso-fotografia\/wp-json\/wp\/v2\/types\/page"}],"author":[{"embeddable":true,"href":"https:\/\/www.voluntariadosocialrioja.org\/concurso-fotografia\/wp-json\/wp\/v2\/users\/1"}],"replies":[{"embeddable":true,"href":"https:\/\/www.voluntariadosocialrioja.org\/concurso-fotografia\/wp-json\/wp\/v2\/comments?post=296"}],"version-history":[{"count":2,"href":"https:\/\/www.voluntariadosocialrioja.org\/concurso-fotografia\/wp-json\/wp\/v2\/pages\/296\/revisions"}],"predecessor-version":[{"id":298,"href":"https:\/\/www.voluntariadosocialrioja.org\/concurso-fotografia\/wp-json\/wp\/v2\/pages\/296\/revisions\/298"}],"wp:attachment":[{"href":"https:\/\/www.voluntariadosocialrioja.org\/concurso-fotografia\/wp-json\/wp\/v2\/media?parent=296"}],"curies":[{"name":"wp","href":"https:\/\/api.w.org\/{rel}","templated":true}]}}